{"id":250,"date":"2025-11-12T08:59:39","date_gmt":"2025-11-12T07:59:39","guid":{"rendered":"https:\/\/www.dieleuchte-stagelight.de\/?page_id=250"},"modified":"2025-11-12T16:16:08","modified_gmt":"2025-11-12T15:16:08","slug":"impressum","status":"publish","type":"page","link":"https:\/\/www.dieleuchte-stagelight.de\/en\/impressum\/","title":{"rendered":"Legal notice"},"content":{"rendered":"<p>Martin Holstein - Die Leuchte Stagelight<br>Waxweiler Stra\u00dfe 26<br>54636 Rittersdorf<\/p>\n\n\n\n<h2 class=\"wp-block-heading\">Contact<\/h2>\n\n\n\n<p>Telefon: (+49) 0151 61029427<br>E-Mail: hej@dieleuchte-stagelight.de<\/p>\n\n\n\n<h2 class=\"wp-block-heading\">Umsatzsteuer-ID<\/h2>\n\n\n\n<p>Umsatzsteuer-Identifikationsnummer gem\u00e4\u00df \u00a7 27 a Umsatzsteuergesetz:<br>DE324044472<\/p>\n\n\n\n<h2 class=\"wp-block-heading\">Redaktionell verantwortlich<\/h2>\n\n\n\n<p>Martin Holstein<br>Waxweiler Stra\u00dfe 26<br>54636 Rittersdorf<\/p>\n\n\n\n<h2 class=\"wp-block-heading\">Verbraucher\u00adstreit\u00adbeilegung\/Universal\u00adschlichtungs\u00adstelle<\/h2>\n\n\n\n<p>Wir nehmen an einem Streitbeilegungsverfahren vor einer Verbraucherschlichtungsstelle teil. Zust\u00e4ndig ist die Universalschlichtungsstelle des Zentrums f\u00fcr Schlichtung e.V., Stra\u00dfburger Stra\u00dfe 8, 77694 Kehl am Rhein (<a href=\"https:\/\/www.verbraucher-schlichter.de\" rel=\"noreferrer noopener\" target=\"_blank\">https:\/\/www.verbraucher-schlichter.de<\/a>).<\/p>","protected":false},"excerpt":{"rendered":"<p>Martin Holstein - Die Leuchte StagelightWaxweiler Stra\u00dfe 2654636 Rittersdorf Kontakt Telefon: (+49) 0151 61029427E-Mail: hej@dieleuchte-stagelight.de Umsatzsteuer-ID Umsatzsteuer-Identifikationsnummer gem\u00e4\u00df \u00a7 27 a Umsatzsteuergesetz:DE324044472 Redaktionell verantwortlich Martin HolsteinWaxweiler Stra\u00dfe 2654636 Rittersdorf Verbraucher\u00adstreit\u00adbeilegung\/Universal\u00adschlichtungs\u00adstelle Wir nehmen an einem Streitbeilegungsverfahren vor einer Verbraucherschlichtungsstelle teil. Zust\u00e4ndig ist die Universalschlichtungsstelle des Zentrums f\u00fcr Schlichtung e.V., Stra\u00dfburger Stra\u00dfe 8, 77694 Kehl am Rhein [&hellip;]<\/p>","protected":false},"author":2,"featured_media":0,"parent":0,"menu_order":0,"comment_status":"closed","ping_status":"closed","template":"","meta":{"_acf_changed":false,"footnotes":""},"class_list":["post-250","page","type-page","status-publish","hentry"],"acf":[],"yoast_head":"<!-- This site is optimized with the Yoast SEO plugin v26.4 - https:\/\/yoast.com\/wordpress\/plugins\/seo\/ -->\n<title>Impressum - Die Leuchte - Stagelight<\/title>\n<meta name=\"robots\" content=\"index, follow, max-snippet:-1, max-image-preview:large, max-video-preview:-1\" \/>\n<link rel=\"canonical\" href=\"https:\/\/www.dieleuchte-stagelight.de\/en\/impressum\/\" \/>\n<meta property=\"og:locale\" content=\"en_GB\" \/>\n<meta property=\"og:type\" content=\"article\" \/>\n<meta property=\"og:title\" content=\"Impressum - Die Leuchte - Stagelight\" \/>\n<meta property=\"og:description\" content=\"Martin Holstein - Die Leuchte StagelightWaxweiler Stra\u00dfe 2654636 Rittersdorf Kontakt Telefon: (+49) 0151 61029427E-Mail: hej@dieleuchte-stagelight.de Umsatzsteuer-ID Umsatzsteuer-Identifikationsnummer gem\u00e4\u00df \u00a7 27 a Umsatzsteuergesetz:DE324044472 Redaktionell verantwortlich Martin HolsteinWaxweiler Stra\u00dfe 2654636 Rittersdorf Verbraucher\u00adstreit\u00adbeilegung\/Universal\u00adschlichtungs\u00adstelle Wir nehmen an einem Streitbeilegungsverfahren vor einer Verbraucherschlichtungsstelle teil. Zust\u00e4ndig ist die Universalschlichtungsstelle des Zentrums f\u00fcr Schlichtung e.V., Stra\u00dfburger Stra\u00dfe 8, 77694 Kehl am Rhein [&hellip;]\" \/>\n<meta property=\"og:url\" content=\"https:\/\/www.dieleuchte-stagelight.de\/en\/impressum\/\" \/>\n<meta property=\"og:site_name\" content=\"Die Leuchte - Stagelight\" \/>\n<meta property=\"article:modified_time\" content=\"2025-11-12T15:16:08+00:00\" \/>\n<meta name=\"twitter:card\" content=\"summary_large_image\" \/>\n<meta name=\"twitter:label1\" content=\"Estimated reading time\" \/>\n\t<meta name=\"twitter:data1\" content=\"1 minute\" \/>\n<script type=\"application\/ld+json\" class=\"yoast-schema-graph\">{\"@context\":\"https:\/\/schema.org\",\"@graph\":[{\"@type\":\"WebPage\",\"@id\":\"https:\/\/www.dieleuchte-stagelight.de\/impressum\/\",\"url\":\"https:\/\/www.dieleuchte-stagelight.de\/impressum\/\",\"name\":\"Impressum - Die Leuchte - Stagelight\",\"isPartOf\":{\"@id\":\"https:\/\/www.dieleuchte-stagelight.de\/#website\"},\"datePublished\":\"2025-11-12T07:59:39+00:00\",\"dateModified\":\"2025-11-12T15:16:08+00:00\",\"breadcrumb\":{\"@id\":\"https:\/\/www.dieleuchte-stagelight.de\/impressum\/#breadcrumb\"},\"inLanguage\":\"en-GB\",\"potentialAction\":[{\"@type\":\"ReadAction\",\"target\":[\"https:\/\/www.dieleuchte-stagelight.de\/impressum\/\"]}]},{\"@type\":\"BreadcrumbList\",\"@id\":\"https:\/\/www.dieleuchte-stagelight.de\/impressum\/#breadcrumb\",\"itemListElement\":[{\"@type\":\"ListItem\",\"position\":1,\"name\":\"Home\",\"item\":\"https:\/\/www.dieleuchte-stagelight.de\/\"},{\"@type\":\"ListItem\",\"position\":2,\"name\":\"Impressum\"}]},{\"@type\":\"WebSite\",\"@id\":\"https:\/\/www.dieleuchte-stagelight.de\/#website\",\"url\":\"https:\/\/www.dieleuchte-stagelight.de\/\",\"name\":\"Die Leuchte - Stagelight\",\"description\":\"\",\"potentialAction\":[{\"@type\":\"SearchAction\",\"target\":{\"@type\":\"EntryPoint\",\"urlTemplate\":\"https:\/\/www.dieleuchte-stagelight.de\/?s={search_term_string}\"},\"query-input\":{\"@type\":\"PropertyValueSpecification\",\"valueRequired\":true,\"valueName\":\"search_term_string\"}}],\"inLanguage\":\"en-GB\"}]}<\/script>\n<!-- \/ Yoast SEO plugin. -->","yoast_head_json":{"title":"Impressum - Die Leuchte - Stagelight","robots":{"index":"index","follow":"follow","max-snippet":"max-snippet:-1","max-image-preview":"max-image-preview:large","max-video-preview":"max-video-preview:-1"},"canonical":"https:\/\/www.dieleuchte-stagelight.de\/en\/impressum\/","og_locale":"en_GB","og_type":"article","og_title":"Impressum - Die Leuchte - Stagelight","og_description":"Martin Holstein - Die Leuchte StagelightWaxweiler Stra\u00dfe 2654636 Rittersdorf Kontakt Telefon: (+49) 0151 61029427E-Mail: hej@dieleuchte-stagelight.de Umsatzsteuer-ID Umsatzsteuer-Identifikationsnummer gem\u00e4\u00df \u00a7 27 a Umsatzsteuergesetz:DE324044472 Redaktionell verantwortlich Martin HolsteinWaxweiler Stra\u00dfe 2654636 Rittersdorf Verbraucher\u00adstreit\u00adbeilegung\/Universal\u00adschlichtungs\u00adstelle Wir nehmen an einem Streitbeilegungsverfahren vor einer Verbraucherschlichtungsstelle teil. Zust\u00e4ndig ist die Universalschlichtungsstelle des Zentrums f\u00fcr Schlichtung e.V., Stra\u00dfburger Stra\u00dfe 8, 77694 Kehl am Rhein [&hellip;]","og_url":"https:\/\/www.dieleuchte-stagelight.de\/en\/impressum\/","og_site_name":"Die Leuchte - Stagelight","article_modified_time":"2025-11-12T15:16:08+00:00","twitter_card":"summary_large_image","twitter_misc":{"Estimated reading time":"1 minute"},"schema":{"@context":"https:\/\/schema.org","@graph":[{"@type":"WebPage","@id":"https:\/\/www.dieleuchte-stagelight.de\/impressum\/","url":"https:\/\/www.dieleuchte-stagelight.de\/impressum\/","name":"Impressum - Die Leuchte - Stagelight","isPartOf":{"@id":"https:\/\/www.dieleuchte-stagelight.de\/#website"},"datePublished":"2025-11-12T07:59:39+00:00","dateModified":"2025-11-12T15:16:08+00:00","breadcrumb":{"@id":"https:\/\/www.dieleuchte-stagelight.de\/impressum\/#breadcrumb"},"inLanguage":"en-GB","potentialAction":[{"@type":"ReadAction","target":["https:\/\/www.dieleuchte-stagelight.de\/impressum\/"]}]},{"@type":"BreadcrumbList","@id":"https:\/\/www.dieleuchte-stagelight.de\/impressum\/#breadcrumb","itemListElement":[{"@type":"ListItem","position":1,"name":"Home","item":"https:\/\/www.dieleuchte-stagelight.de\/"},{"@type":"ListItem","position":2,"name":"Impressum"}]},{"@type":"WebSite","@id":"https:\/\/www.dieleuchte-stagelight.de\/#website","url":"https:\/\/www.dieleuchte-stagelight.de\/","name":"Die Leuchte - Stagelight","description":"","potentialAction":[{"@type":"SearchAction","target":{"@type":"EntryPoint","urlTemplate":"https:\/\/www.dieleuchte-stagelight.de\/?s={search_term_string}"},"query-input":{"@type":"PropertyValueSpecification","valueRequired":true,"valueName":"search_term_string"}}],"inLanguage":"en-GB"}]}},"_links":{"self":[{"href":"https:\/\/www.dieleuchte-stagelight.de\/en\/wp-json\/wp\/v2\/pages\/250","targetHints":{"allow":["GET"]}}],"collection":[{"href":"https:\/\/www.dieleuchte-stagelight.de\/en\/wp-json\/wp\/v2\/pages"}],"about":[{"href":"https:\/\/www.dieleuchte-stagelight.de\/en\/wp-json\/wp\/v2\/types\/page"}],"author":[{"embeddable":true,"href":"https:\/\/www.dieleuchte-stagelight.de\/en\/wp-json\/wp\/v2\/users\/2"}],"replies":[{"embeddable":true,"href":"https:\/\/www.dieleuchte-stagelight.de\/en\/wp-json\/wp\/v2\/comments?post=250"}],"version-history":[{"count":2,"href":"https:\/\/www.dieleuchte-stagelight.de\/en\/wp-json\/wp\/v2\/pages\/250\/revisions"}],"predecessor-version":[{"id":256,"href":"https:\/\/www.dieleuchte-stagelight.de\/en\/wp-json\/wp\/v2\/pages\/250\/revisions\/256"}],"wp:attachment":[{"href":"https:\/\/www.dieleuchte-stagelight.de\/en\/wp-json\/wp\/v2\/media?parent=250"}],"curies":[{"name":"wp","href":"https:\/\/api.w.org\/{rel}","templated":true}]}}